{"id":141,"date":"2012-03-02T13:03:08","date_gmt":"2012-03-02T13:03:08","guid":{"rendered":"http:\/\/karinwieland.de\/kw\/?page_id=141"},"modified":"2015-12-07T14:31:19","modified_gmt":"2015-12-07T14:31:19","slug":"rudi-dutschke-andreas-baader-und-die-raf","status":"publish","type":"page","link":"https:\/\/karinwieland.de\/kw\/buecher\/rudi-dutschke-andreas-baader-und-die-raf\/","title":{"rendered":"Rudi Dutschke, Andreas Baader und die RAF"},"content":{"rendered":"<p><img loading=\"lazy\" decoding=\"async\" class=\"alignnone size-full wp-image-142\" title=\"Rudi Dutschke, Andreas Baader und die RAF\" src=\"http:\/\/karinwieland.de\/wp-content\/uploads\/2012\/03\/aktuelles.jpg\" alt=\"Rudi Dutschke, Andreas Baader und die RAF\" width=\"259\" height=\"400\" srcset=\"https:\/\/karinwieland.de\/kw\/wp-content\/uploads\/2012\/03\/aktuelles.jpg 259w, https:\/\/karinwieland.de\/kw\/wp-content\/uploads\/2012\/03\/aktuelles-194x300.jpg 194w\" sizes=\"auto, (max-width: 259px) 100vw, 259px\" \/><\/p>\n<p>Wolfgang Kraushaar \/<br \/>\nKarin Wieland \/<br \/>\nJan Philipp Reemtsma<\/p>\n<p>Rudi Dutschke Andreas Baader und die RAF<br \/>\nHamburg:<br \/>\nHamburger Edition 2005.<\/p>\n<p>Andreas Baader verwandelte irgendwann Ende der sechziger Jahre seine Hochstapler-Existenz in eine politische Mission. Er war gezwungen, das B\u00f6se zu tun auf der Suche nach dem vermeintlich Guten. Der sch\u00f6ne junge Mann, der so einfach Macht \u00fcber andere bekam, wurde zu einem Dandy des B\u00f6sen. F\u00fcr Albert Camus ist derjenige, der das g\u00f6ttliche und moralische Gesetz herausfordert, nicht der Revolution\u00e4r, sondern der Dandy. Er schafft sich selbst durch die Weigerung und die Verneinung. Sein Leben kann er nicht leben, deshalb spielt er es vor. Dazu braucht er das Publikum, das er in immer neuen Inszenierungen reizt. Auch Baader versuchte immer wieder, die eine terroristische Aktion durch die andere zu \u00fcberbieten. Die anderen, das hei\u00dft die bundesrepublikanische \u00d6ffentlichkeit, waren der Spiegel, in dem er sich gespiegelt sehen wollte. &#8222;Immer im Bruch mit der Welt, am Rand, zwingt er die andern, ihn selbst zu erschaffen, indem er ihre Werte leugnet.&#8220; Baader war der Dandy, der sich zum einsamen Herrscher geboren f\u00fchlte und doch wusste, dass er verloren war.<\/p>\n","protected":false},"excerpt":{"rendered":"<p>Wolfgang Kraushaar \/ Karin Wieland \/ Jan Philipp Reemtsma Rudi Dutschke Andreas Baader und die RAF Hamburg: Hamburger Edition 2005. Andreas Baader verwandelte irgendwann Ende der sechziger Jahre seine Hochstapler-Existenz in eine politische Mission. Er war gezwungen, das B\u00f6se zu tun auf der Suche nach dem vermeintlich Guten. Der sch\u00f6ne junge Mann, der so einfach &hellip; <a href=\"https:\/\/karinwieland.de\/kw\/buecher\/rudi-dutschke-andreas-baader-und-die-raf\/\" class=\"more-link\">Weiterlesen <span class=\"screen-reader-text\">Rudi Dutschke, Andreas Baader und die RAF<\/span><\/a><\/p>\n","protected":false},"author":1,"featured_media":0,"parent":4,"menu_order":0,"comment_status":"closed","ping_status":"open","template":"","meta":{"footnotes":""},"class_list":["post-141","page","type-page","status-publish","hentry","without-featured-image"],"_links":{"self":[{"href":"https:\/\/karinwieland.de\/kw\/wp-json\/wp\/v2\/pages\/141","targetHints":{"allow":["GET"]}}],"collection":[{"href":"https:\/\/karinwieland.de\/kw\/wp-json\/wp\/v2\/pages"}],"about":[{"href":"https:\/\/karinwieland.de\/kw\/wp-json\/wp\/v2\/types\/page"}],"author":[{"embeddable":true,"href":"https:\/\/karinwieland.de\/kw\/wp-json\/wp\/v2\/users\/1"}],"replies":[{"embeddable":true,"href":"https:\/\/karinwieland.de\/kw\/wp-json\/wp\/v2\/comments?post=141"}],"version-history":[{"count":17,"href":"https:\/\/karinwieland.de\/kw\/wp-json\/wp\/v2\/pages\/141\/revisions"}],"predecessor-version":[{"id":889,"href":"https:\/\/karinwieland.de\/kw\/wp-json\/wp\/v2\/pages\/141\/revisions\/889"}],"up":[{"embeddable":true,"href":"https:\/\/karinwieland.de\/kw\/wp-json\/wp\/v2\/pages\/4"}],"wp:attachment":[{"href":"https:\/\/karinwieland.de\/kw\/wp-json\/wp\/v2\/media?parent=141"}],"curies":[{"name":"wp","href":"https:\/\/api.w.org\/{rel}","templated":true}]}}