{"id":339,"date":"2012-03-14T10:15:33","date_gmt":"2012-03-14T10:15:33","guid":{"rendered":"http:\/\/karinwieland.de\/kw\/?page_id=339"},"modified":"2020-04-02T09:36:54","modified_gmt":"2020-04-02T09:36:54","slug":"karin-wieland","status":"publish","type":"page","link":"https:\/\/karinwieland.de\/kw\/karin-wieland\/","title":{"rendered":"zur Person"},"content":{"rendered":"<p><img loading=\"lazy\" decoding=\"async\" src=\"http:\/\/karinwieland.de\/wp-content\/uploads\/2012\/03\/portrait_museum.jpg\" alt=\"Karin Wieland\" class=\"alignnone size-full wp-image-1021\" width=\"500\" height=\"375\" srcset=\"https:\/\/karinwieland.de\/kw\/wp-content\/uploads\/2012\/03\/portrait_museum.jpg 500w, https:\/\/karinwieland.de\/kw\/wp-content\/uploads\/2012\/03\/portrait_museum-300x225.jpg 300w\" sizes=\"auto, (max-width: 500px) 100vw, 500px\" \/><\/p>\n<p>Geboren 1958 in Hohenlohe<\/p>\n<p>Studium der Politischen Wissenschaften<br \/>\nmit Schwerpunkt Politische Theorie und Ideengeschichte an der Freien Universit\u00e4t Berlin<\/p>\n<p>1983 Diplom<\/p>\n<p>Stipendium im Rahmen der<br \/>\n&#8222;F\u00f6rderung des wissenschaftlichen Nachwuchs&#8220;<\/p>\n<p>langj\u00e4hrige Lehrbeauftragte an der<br \/>\nFreien und der Technischen Universit\u00e4t Berlin<\/p>\n<p>Mitarbeit an mehreren Forschungsprojekten<\/p>\n<p>1995 Promotion zum Dr. phil. am Fachbereich<br \/>\nPolitische Wissenschaften der Freien Universit\u00e4t Berlin<\/p>\n<p>nominiert f\u00fcr den Ernst-Reuter-Preis<\/p>\n<p>1994 bis 2000 wissenschaftliche Assistentin an der Philosophischen Fakult\u00e4t der Technischen Universit\u00e4t Chemnitz am Lehrstuhl f\u00fcr Politische Theorie und Ideengeschichte<\/p>\n<p>Seit 2002 Stipendiatin der<br \/>\n&#8222;Hamburger Stiftung zur F\u00f6rderung von Wissenschaft und Kultur&#8220;<\/p>\n<p>&nbsp;<\/p>\n","protected":false},"excerpt":{"rendered":"<p>Geboren 1958 in Hohenlohe Studium der Politischen Wissenschaften mit Schwerpunkt Politische Theorie und Ideengeschichte an der Freien Universit\u00e4t Berlin 1983 Diplom Stipendium im Rahmen der &#8222;F\u00f6rderung des wissenschaftlichen Nachwuchs&#8220; langj\u00e4hrige Lehrbeauftragte an der Freien und der Technischen Universit\u00e4t Berlin Mitarbeit an mehreren Forschungsprojekten 1995 Promotion zum Dr. phil. am Fachbereich Politische Wissenschaften der Freien Universit\u00e4t &hellip; <a href=\"https:\/\/karinwieland.de\/kw\/karin-wieland\/\" class=\"more-link\">Weiterlesen <span class=\"screen-reader-text\">zur Person<\/span><\/a><\/p>\n","protected":false},"author":1,"featured_media":0,"parent":0,"menu_order":0,"comment_status":"closed","ping_status":"closed","template":"","meta":{"footnotes":""},"class_list":["post-339","page","type-page","status-publish","hentry","without-featured-image"],"_links":{"self":[{"href":"https:\/\/karinwieland.de\/kw\/wp-json\/wp\/v2\/pages\/339","targetHints":{"allow":["GET"]}}],"collection":[{"href":"https:\/\/karinwieland.de\/kw\/wp-json\/wp\/v2\/pages"}],"about":[{"href":"https:\/\/karinwieland.de\/kw\/wp-json\/wp\/v2\/types\/page"}],"author":[{"embeddable":true,"href":"https:\/\/karinwieland.de\/kw\/wp-json\/wp\/v2\/users\/1"}],"replies":[{"embeddable":true,"href":"https:\/\/karinwieland.de\/kw\/wp-json\/wp\/v2\/comments?post=339"}],"version-history":[{"count":20,"href":"https:\/\/karinwieland.de\/kw\/wp-json\/wp\/v2\/pages\/339\/revisions"}],"predecessor-version":[{"id":1194,"href":"https:\/\/karinwieland.de\/kw\/wp-json\/wp\/v2\/pages\/339\/revisions\/1194"}],"wp:attachment":[{"href":"https:\/\/karinwieland.de\/kw\/wp-json\/wp\/v2\/media?parent=339"}],"curies":[{"name":"wp","href":"https:\/\/api.w.org\/{rel}","templated":true}]}}