{"id":346,"date":"2012-03-14T10:36:01","date_gmt":"2012-03-14T10:36:01","guid":{"rendered":"http:\/\/karinwieland.de\/kw\/?page_id=346"},"modified":"2015-11-27T13:36:22","modified_gmt":"2015-11-27T13:36:22","slug":"coco-chanel","status":"publish","type":"page","link":"https:\/\/karinwieland.de\/kw\/essays\/coco-chanel\/","title":{"rendered":"Coco Chanel"},"content":{"rendered":"<p><a href=\"http:\/\/karinwieland.de\/?page_id=274\">Essays<\/a><\/p>\n<p>Die letzten Jahre hielt sie ihr Leben durch N\u00e4hen und Reden zusammen. Sie war sehr alt geworden und arbeitete &#8211; bis auf das Wochenende &#8211; jeden Tag bis zu ihrem Tod. Ihre einst aufsehenerregenden H\u00e4user hatte sie verkauft und zwei Zimmer im &#8222;Ritz&#8220; bezogen. Jeden Morgen verlie\u00df sie ihr karges, wei\u00dfget\u00fcnchtes Hotelzimmer und ging \u00fcber die Stra\u00dfe in ihr luxuri\u00f6ses Modehaus. Sie verbrachte ihre Tage kniend vor reglos dastehenden Modellen, die den zu ihrer Jugendzeit \u00fcblichen Modepuppen nicht un\u00e4hnlich waren. Sie drapierte, raffte, schnitt, trennte auf und n\u00e4hte zu &#8211; besessen von dem Wunsch, eine Form aus Stoff an dieser Figur zu gestalten. Abends kehrte sie in ihr Hotelzimmer zur\u00fcck. Sie konnte nicht mehr allein sein, und sie konnte nicht mehr schlafen. Ihre auserw\u00e4hlten Vertrauten, die einstmals neugierig auf einen lebenden Mythos gewesen waren, nahm sie mit als Gefangene in ihre schlaflose Welt. Sie g\u00f6nnte ihnen kein eigenes Leben und verdammte sie zu Zuh\u00f6rern. Ununterbrochen versuchte sie ihr Leben zu erz\u00e4hlen, versuchte sie die Einsamkeit zu bannen und verlor sich dabei in einem endlosen Monolog. Sie f\u00fcllte ihre Lebensgeschichte mit Anekdoten und Geheimnissen, die sie gelesen, geh\u00f6rt oder erfunden hatte. Ihr gepriesener, spr\u00f6der Charme war bitterem Sarkasmus gewichen.<br \/>\nDer T\u00e4tigkeit des Auftrennens und Zusammenn\u00e4hens nicht un\u00e4hnlich erz\u00e4hlte sie jede Nacht ihr Leben neu. Sie errichtete einen Wall unendlich verwirrender Geschichten zwischen sich und ihren Zuh\u00f6rern. Wenn eines ihrer geh\u00fcteten Geheimnisse platzte, erstickte sie es mit neuen L\u00fcgen. So entstand ein Lebensgebilde aus Illusion, T\u00e4uschung und Wahrheit, in dem sich ihre Vertrauten und sp\u00e4teren Biographen verstrickten.<br \/>\nCoco Chanels Erz\u00e4hlweise jedoch ist stumm. Ihre Geheimnisse sind in den Kreationen verborgen, die ihren Ruhm und ihren Reichtum begr\u00fcndeten.<\/p>\n","protected":false},"excerpt":{"rendered":"<p>Essays Die letzten Jahre hielt sie ihr Leben durch N\u00e4hen und Reden zusammen. Sie war sehr alt geworden und arbeitete &#8211; bis auf das Wochenende &#8211; jeden Tag bis zu ihrem Tod. Ihre einst aufsehenerregenden H\u00e4user hatte sie verkauft und zwei Zimmer im &#8222;Ritz&#8220; bezogen. Jeden Morgen verlie\u00df sie ihr karges, wei\u00dfget\u00fcnchtes Hotelzimmer und ging &hellip; <a href=\"https:\/\/karinwieland.de\/kw\/essays\/coco-chanel\/\" class=\"more-link\">Weiterlesen <span class=\"screen-reader-text\">Coco Chanel<\/span><\/a><\/p>\n","protected":false},"author":1,"featured_media":0,"parent":274,"menu_order":0,"comment_status":"closed","ping_status":"open","template":"","meta":{"footnotes":""},"class_list":["post-346","page","type-page","status-publish","hentry","without-featured-image"],"_links":{"self":[{"href":"https:\/\/karinwieland.de\/kw\/wp-json\/wp\/v2\/pages\/346","targetHints":{"allow":["GET"]}}],"collection":[{"href":"https:\/\/karinwieland.de\/kw\/wp-json\/wp\/v2\/pages"}],"about":[{"href":"https:\/\/karinwieland.de\/kw\/wp-json\/wp\/v2\/types\/page"}],"author":[{"embeddable":true,"href":"https:\/\/karinwieland.de\/kw\/wp-json\/wp\/v2\/users\/1"}],"replies":[{"embeddable":true,"href":"https:\/\/karinwieland.de\/kw\/wp-json\/wp\/v2\/comments?post=346"}],"version-history":[{"count":12,"href":"https:\/\/karinwieland.de\/kw\/wp-json\/wp\/v2\/pages\/346\/revisions"}],"predecessor-version":[{"id":736,"href":"https:\/\/karinwieland.de\/kw\/wp-json\/wp\/v2\/pages\/346\/revisions\/736"}],"up":[{"embeddable":true,"href":"https:\/\/karinwieland.de\/kw\/wp-json\/wp\/v2\/pages\/274"}],"wp:attachment":[{"href":"https:\/\/karinwieland.de\/kw\/wp-json\/wp\/v2\/media?parent=346"}],"curies":[{"name":"wp","href":"https:\/\/api.w.org\/{rel}","templated":true}]}}