{"id":354,"date":"2012-03-14T10:42:47","date_gmt":"2012-03-14T10:42:47","guid":{"rendered":"http:\/\/karinwieland.de\/kw\/?page_id=354"},"modified":"2015-11-27T13:42:12","modified_gmt":"2015-11-27T13:42:12","slug":"marlene-dietrich","status":"publish","type":"page","link":"https:\/\/karinwieland.de\/kw\/essays\/marlene-dietrich\/","title":{"rendered":"Marlene Dietrich"},"content":{"rendered":"<p><a href=\"http:\/\/karinwieland.de\/?page_id=274\">Essays<\/a><\/p>\n<p>Wenn die Offizierstochter Marlene Dietrich mit einem Monokel und in einem freiz\u00fcgigen Kleid ihren Auftritt hat, so dr\u00fcckt sie damit aus, dass sie in die Sonderkommunikation der Ehrenm\u00e4nner eingeweiht ist. Die Frau bricht ein in das dem Mann vorbehaltene Feld der Ehre. Deutlich sichtbar nutzt sie das einstige Symbol m\u00e4nnlicher und st\u00e4ndischer \u00dcberlegenheit als Accessoire einer femme fatale, die die W\u00fcnsche und Regeln der M\u00e4nner kennt und der kein Ehrenmann etwas vormachen kann. Das Ideal des Mannes ist besch\u00e4digt, und die Weltbilder von einst haben ihre Pr\u00e4gekraft eingeb\u00fc\u00dft. Die Werte der ehemaligen Standesvertreter wirken wie makabre Relikte in der neuen und schnellen Republik. Die Offizierstochter Marlene Dietrich setzt das v\u00e4terliche Erbe des Wilhelminismus ein, um es ironisch zu zerspielen. Sie begr\u00fcndet darauf ihren Erfolg, der sich dem Hang der Zeit zur Maskierung und zum Surrogat verdankt. <\/p>\n","protected":false},"excerpt":{"rendered":"<p>Essays Wenn die Offizierstochter Marlene Dietrich mit einem Monokel und in einem freiz\u00fcgigen Kleid ihren Auftritt hat, so dr\u00fcckt sie damit aus, dass sie in die Sonderkommunikation der Ehrenm\u00e4nner eingeweiht ist. Die Frau bricht ein in das dem Mann vorbehaltene Feld der Ehre. Deutlich sichtbar nutzt sie das einstige Symbol m\u00e4nnlicher und st\u00e4ndischer \u00dcberlegenheit als &hellip; <a href=\"https:\/\/karinwieland.de\/kw\/essays\/marlene-dietrich\/\" class=\"more-link\">Weiterlesen <span class=\"screen-reader-text\">Marlene Dietrich<\/span><\/a><\/p>\n","protected":false},"author":1,"featured_media":0,"parent":274,"menu_order":0,"comment_status":"closed","ping_status":"open","template":"","meta":{"footnotes":""},"class_list":["post-354","page","type-page","status-publish","hentry","without-featured-image"],"_links":{"self":[{"href":"https:\/\/karinwieland.de\/kw\/wp-json\/wp\/v2\/pages\/354","targetHints":{"allow":["GET"]}}],"collection":[{"href":"https:\/\/karinwieland.de\/kw\/wp-json\/wp\/v2\/pages"}],"about":[{"href":"https:\/\/karinwieland.de\/kw\/wp-json\/wp\/v2\/types\/page"}],"author":[{"embeddable":true,"href":"https:\/\/karinwieland.de\/kw\/wp-json\/wp\/v2\/users\/1"}],"replies":[{"embeddable":true,"href":"https:\/\/karinwieland.de\/kw\/wp-json\/wp\/v2\/comments?post=354"}],"version-history":[{"count":8,"href":"https:\/\/karinwieland.de\/kw\/wp-json\/wp\/v2\/pages\/354\/revisions"}],"predecessor-version":[{"id":748,"href":"https:\/\/karinwieland.de\/kw\/wp-json\/wp\/v2\/pages\/354\/revisions\/748"}],"up":[{"embeddable":true,"href":"https:\/\/karinwieland.de\/kw\/wp-json\/wp\/v2\/pages\/274"}],"wp:attachment":[{"href":"https:\/\/karinwieland.de\/kw\/wp-json\/wp\/v2\/media?parent=354"}],"curies":[{"name":"wp","href":"https:\/\/api.w.org\/{rel}","templated":true}]}}