{"id":361,"date":"2012-03-14T10:49:08","date_gmt":"2012-03-14T10:49:08","guid":{"rendered":"http:\/\/karinwieland.de\/kw\/?page_id=361"},"modified":"2015-11-27T13:36:55","modified_gmt":"2015-11-27T13:36:55","slug":"mode-kunst-krieg","status":"publish","type":"page","link":"https:\/\/karinwieland.de\/kw\/essays\/mode-kunst-krieg\/","title":{"rendered":"Mode Kunst Krieg"},"content":{"rendered":"<p><a href=\"http:\/\/karinwieland.de\/?page_id=274\">Essays<\/a><\/p>\n<p>Lee Miller war zusammen mit dem Life-Reporter David E. Sherman am Morgen nach der Befreiung im Konzentrationslager Dachau gewesen. Sie selbst hatte zun\u00e4chst nicht glauben k\u00f6nnen, was sie sah und dachte, es handele sich um einen Propagandatrick der Amerikaner. Als sie begreift, dass alles echt ist, fotografiert sie. Sie fotografiert Leichenberge, verkohlte Menschenreste im Ofen und von Schmerz und Hunger verzerrte Gesichter von KZ-H\u00e4ftlingen. Am h\u00e4rtesten ist jedoch ihre Serie der T\u00e4ter. Betrachtet man diese Portr\u00e4ts von KZ-Aufsehern, die von ihren ehemaligen H\u00e4ftlingen geschlagen worden waren, so scheint es, als habe Ha\u00df und Ekel Lee Miller zu einer Stufe h\u00f6chster k\u00fcnstlerischer Klarheit und Sch\u00e4rfe gef\u00fchrt. Auf einem Foto, das in der Vogue abgebildet war, sieht man zwei junge, in Zivil gekleidete SS-M\u00e4nner mit herabh\u00e4ngenden Armen, die aus dem Mund bluten. Sie knien auf dem Boden einer Zelle und blicken den Betrachter an. Lee Miller bemerkt zu diesem Bild, die beiden h\u00e4tten sich jedes Mal, wenn die T\u00fcr aufging, zu Boden geworfen und um Gnade gewinselt. Sie hat diese M\u00e4nner entgegen ihrer sonstigen Fotografierweise frontal aufgenommen, so dass sie einem direkt in die Augen blicken, und es ist dieser Blick, der sie verr\u00e4t: Diese M\u00e4nner kennen kein Gegen\u00fcber, sie schauen ins Leere. Sie sind voller Panik, weil niemand mehr \u00fcber ihnen und niemand mehr unter ihnen ist. Sie haben ihre innere Balance verloren.<\/p>\n","protected":false},"excerpt":{"rendered":"<p>Essays Lee Miller war zusammen mit dem Life-Reporter David E. Sherman am Morgen nach der Befreiung im Konzentrationslager Dachau gewesen. Sie selbst hatte zun\u00e4chst nicht glauben k\u00f6nnen, was sie sah und dachte, es handele sich um einen Propagandatrick der Amerikaner. Als sie begreift, dass alles echt ist, fotografiert sie. Sie fotografiert Leichenberge, verkohlte Menschenreste im &hellip; <a href=\"https:\/\/karinwieland.de\/kw\/essays\/mode-kunst-krieg\/\" class=\"more-link\">Weiterlesen <span class=\"screen-reader-text\">Mode Kunst Krieg<\/span><\/a><\/p>\n","protected":false},"author":1,"featured_media":0,"parent":274,"menu_order":0,"comment_status":"closed","ping_status":"open","template":"","meta":{"footnotes":""},"class_list":["post-361","page","type-page","status-publish","hentry","without-featured-image"],"_links":{"self":[{"href":"https:\/\/karinwieland.de\/kw\/wp-json\/wp\/v2\/pages\/361","targetHints":{"allow":["GET"]}}],"collection":[{"href":"https:\/\/karinwieland.de\/kw\/wp-json\/wp\/v2\/pages"}],"about":[{"href":"https:\/\/karinwieland.de\/kw\/wp-json\/wp\/v2\/types\/page"}],"author":[{"embeddable":true,"href":"https:\/\/karinwieland.de\/kw\/wp-json\/wp\/v2\/users\/1"}],"replies":[{"embeddable":true,"href":"https:\/\/karinwieland.de\/kw\/wp-json\/wp\/v2\/comments?post=361"}],"version-history":[{"count":8,"href":"https:\/\/karinwieland.de\/kw\/wp-json\/wp\/v2\/pages\/361\/revisions"}],"predecessor-version":[{"id":738,"href":"https:\/\/karinwieland.de\/kw\/wp-json\/wp\/v2\/pages\/361\/revisions\/738"}],"up":[{"embeddable":true,"href":"https:\/\/karinwieland.de\/kw\/wp-json\/wp\/v2\/pages\/274"}],"wp:attachment":[{"href":"https:\/\/karinwieland.de\/kw\/wp-json\/wp\/v2\/media?parent=361"}],"curies":[{"name":"wp","href":"https:\/\/api.w.org\/{rel}","templated":true}]}}