{"id":368,"date":"2012-03-14T10:53:40","date_gmt":"2012-03-14T10:53:40","guid":{"rendered":"http:\/\/karinwieland.de\/kw\/?page_id=368"},"modified":"2015-11-27T13:40:37","modified_gmt":"2015-11-27T13:40:37","slug":"die-patriotin","status":"publish","type":"page","link":"https:\/\/karinwieland.de\/kw\/essays\/die-patriotin\/","title":{"rendered":"Die Patriotin"},"content":{"rendered":"<p><a href=\"http:\/\/karinwieland.de\/?page_id=274\">Essays<\/a><\/p>\n<p>Es war Liebe auf den ersten Blick. Als sie als kleines M\u00e4dchen zusammen mit ihrem Vater eine Fabrik besuchte, verliebte sich Margaret Bourke-White in die Maschinen. Sie galten ihr als &#8222;Anfang und Ende aller Sch\u00f6nheit&#8220;, und ihr Vater, ein erfolgreicher Ingenieur, stand in geheimnisvoller Verbindung mit ihnen. In ihrem Kinderzimmer sammelte sie Froschlaich, Motteneier und Raupen; sie umgab sich mit Natur, die darauf wartete, geboren zu werden. Sie wollte beobachten, wie sich die eine Form in eine andere Form wandelte. Sp\u00e4ter als Photographin zeigte sie Maschinen als vitale Wesen und fing die Technik biologischer Abl\u00e4ufe mit ihrer Kamera ein. Bourke-White liebte die Technik bedingungslos, sie geh\u00f6rte dem neuen und absolut modernen Geschlecht an, welches mit Untergrundbahnen ebenso vertraut war wie mit Wolkenkratzern. Der Lauf der Geschichte lenkte ihr Interesse auf die Menschen. Bourke-White wurde ber\u00fchmt f\u00fcr ihre Reportagen \u00fcber Kriege, Elend und Not. Sie hatte alles, was man brauchte, um in der ersten H\u00e4lfte des 20. Jahrhunderts als Amerikanerin zu bestehen: Sie war furchtlos, neugierig und glaubte an sich und ihr Land. <\/p>\n","protected":false},"excerpt":{"rendered":"<p>Essays Es war Liebe auf den ersten Blick. Als sie als kleines M\u00e4dchen zusammen mit ihrem Vater eine Fabrik besuchte, verliebte sich Margaret Bourke-White in die Maschinen. Sie galten ihr als &#8222;Anfang und Ende aller Sch\u00f6nheit&#8220;, und ihr Vater, ein erfolgreicher Ingenieur, stand in geheimnisvoller Verbindung mit ihnen. In ihrem Kinderzimmer sammelte sie Froschlaich, Motteneier &hellip; <a href=\"https:\/\/karinwieland.de\/kw\/essays\/die-patriotin\/\" class=\"more-link\">Weiterlesen <span class=\"screen-reader-text\">Die Patriotin<\/span><\/a><\/p>\n","protected":false},"author":1,"featured_media":0,"parent":274,"menu_order":0,"comment_status":"closed","ping_status":"open","template":"","meta":{"footnotes":""},"class_list":["post-368","page","type-page","status-publish","hentry","without-featured-image"],"_links":{"self":[{"href":"https:\/\/karinwieland.de\/kw\/wp-json\/wp\/v2\/pages\/368","targetHints":{"allow":["GET"]}}],"collection":[{"href":"https:\/\/karinwieland.de\/kw\/wp-json\/wp\/v2\/pages"}],"about":[{"href":"https:\/\/karinwieland.de\/kw\/wp-json\/wp\/v2\/types\/page"}],"author":[{"embeddable":true,"href":"https:\/\/karinwieland.de\/kw\/wp-json\/wp\/v2\/users\/1"}],"replies":[{"embeddable":true,"href":"https:\/\/karinwieland.de\/kw\/wp-json\/wp\/v2\/comments?post=368"}],"version-history":[{"count":6,"href":"https:\/\/karinwieland.de\/kw\/wp-json\/wp\/v2\/pages\/368\/revisions"}],"predecessor-version":[{"id":742,"href":"https:\/\/karinwieland.de\/kw\/wp-json\/wp\/v2\/pages\/368\/revisions\/742"}],"up":[{"embeddable":true,"href":"https:\/\/karinwieland.de\/kw\/wp-json\/wp\/v2\/pages\/274"}],"wp:attachment":[{"href":"https:\/\/karinwieland.de\/kw\/wp-json\/wp\/v2\/media?parent=368"}],"curies":[{"name":"wp","href":"https:\/\/api.w.org\/{rel}","templated":true}]}}