{"id":370,"date":"2012-03-14T10:54:21","date_gmt":"2012-03-14T10:54:21","guid":{"rendered":"http:\/\/karinwieland.de\/kw\/?page_id=370"},"modified":"2015-11-27T13:41:14","modified_gmt":"2015-11-27T13:41:14","slug":"unplugged","status":"publish","type":"page","link":"https:\/\/karinwieland.de\/kw\/essays\/unplugged\/","title":{"rendered":"Unplugged"},"content":{"rendered":"<p><a href=\"http:\/\/karinwieland.de\/?page_id=274\">Essays<\/a><\/p>\n<p>Der Sprung aufs Gymnasium in der nahen Kleinstadt bedeutete das Ende dieser klar polarisierten Kindheit. Er lernt all das kennen, was er bisher vers\u00e4umt hatte: Drogen, Pop und Sex. Hatte er sich zun\u00e4chst noch f\u00fcr seine dreiviertellange Lederhose bei den M\u00e4dchen gesch\u00e4mt, so trug er schon bald als Zeichen der Anpassung an diese neue Welt Jeans und lange Haare. Sein Trainer konnte ihn noch bis 16 halten, dann war es mit dem Glauben an den Olympiasieg endg\u00fcltig vorbei. Thilo Becker wandte sich ab vom organisierten Ehrgeiz zum Experiment der Verausgabung.<br \/>\nMit 14 hatte er begonnen, Zigaretten zu rauchen, und zwei Jahre sp\u00e4ter kamen die Joints dazu. &#8222;Die coolsten Jungs, die Regler, waren in der Kleinstadt die Haschh\u00e4ndler.&#8220; Das gefiel ihm, und dahin wollte er auch kommen. Der Dealer, das war eine geheimnisvolle und einflussreiche Existenz. Heute gesteht er, damals eigentlich nur Schulden gemacht zu haben, doch diese Ausbildung als Haschh\u00e4ndler in der Provinz war die Grundlage f\u00fcr sein avantgardistisches Engagement in der gro\u00dfen Stadt. <\/p>\n","protected":false},"excerpt":{"rendered":"<p>Essays Der Sprung aufs Gymnasium in der nahen Kleinstadt bedeutete das Ende dieser klar polarisierten Kindheit. Er lernt all das kennen, was er bisher vers\u00e4umt hatte: Drogen, Pop und Sex. Hatte er sich zun\u00e4chst noch f\u00fcr seine dreiviertellange Lederhose bei den M\u00e4dchen gesch\u00e4mt, so trug er schon bald als Zeichen der Anpassung an diese neue &hellip; <a href=\"https:\/\/karinwieland.de\/kw\/essays\/unplugged\/\" class=\"more-link\">Weiterlesen <span class=\"screen-reader-text\">Unplugged<\/span><\/a><\/p>\n","protected":false},"author":1,"featured_media":0,"parent":274,"menu_order":0,"comment_status":"closed","ping_status":"open","template":"","meta":{"footnotes":""},"class_list":["post-370","page","type-page","status-publish","hentry","without-featured-image"],"_links":{"self":[{"href":"https:\/\/karinwieland.de\/kw\/wp-json\/wp\/v2\/pages\/370","targetHints":{"allow":["GET"]}}],"collection":[{"href":"https:\/\/karinwieland.de\/kw\/wp-json\/wp\/v2\/pages"}],"about":[{"href":"https:\/\/karinwieland.de\/kw\/wp-json\/wp\/v2\/types\/page"}],"author":[{"embeddable":true,"href":"https:\/\/karinwieland.de\/kw\/wp-json\/wp\/v2\/users\/1"}],"replies":[{"embeddable":true,"href":"https:\/\/karinwieland.de\/kw\/wp-json\/wp\/v2\/comments?post=370"}],"version-history":[{"count":6,"href":"https:\/\/karinwieland.de\/kw\/wp-json\/wp\/v2\/pages\/370\/revisions"}],"predecessor-version":[{"id":744,"href":"https:\/\/karinwieland.de\/kw\/wp-json\/wp\/v2\/pages\/370\/revisions\/744"}],"up":[{"embeddable":true,"href":"https:\/\/karinwieland.de\/kw\/wp-json\/wp\/v2\/pages\/274"}],"wp:attachment":[{"href":"https:\/\/karinwieland.de\/kw\/wp-json\/wp\/v2\/media?parent=370"}],"curies":[{"name":"wp","href":"https:\/\/api.w.org\/{rel}","templated":true}]}}