{"id":372,"date":"2012-03-14T10:54:33","date_gmt":"2012-03-14T10:54:33","guid":{"rendered":"http:\/\/karinwieland.de\/kw\/?page_id=372"},"modified":"2015-11-27T13:41:43","modified_gmt":"2015-11-27T13:41:43","slug":"lenins-hoffnung","status":"publish","type":"page","link":"https:\/\/karinwieland.de\/kw\/essays\/lenins-hoffnung\/","title":{"rendered":"Lenins Hoffnung"},"content":{"rendered":"<p><a href=\"http:\/\/karinwieland.de\/?page_id=274\">Essays<\/a><\/p>\n<p>Das Denken in internationalen Dimensionen verdankte sie Karl Radek. Er sorgte f\u00fcr ihre Versetzung in die Auslandsabteilung der Komintern, wo sie zur Expertin in internationaler \u00d6konomie und Politik ausgebildet wurde. Radek schickte sie in eine Art Krieg, der im deutschen Untergrund zwischen Revolution\u00e4ren und Konterrevolution\u00e4ren tobte. Sie lernte die Regeln der Konspiration kennen und lebte im Untergrund. Gefahr mischte sich mit Moral und verlieh ihr das Gef\u00fchl der \u00dcberlegenheit. Sie war zur Geheimnistr\u00e4gerin geworden und entwickelte ein Gesp\u00fcr f\u00fcr Machtpolitik. Nach dieser Lehrzeit war sie bereit, eine Aufgabe in der internationalen Politik zu \u00fcbernehmen, in der die KP mittlerweile eine wichtige Rolle spielte. Durch die Protektion des einflussreichen und undurchsichtigen Mannes macht sie Karriere. 1922 ist sie die Berliner Delegierte auf dem IV. Weltkongre\u00df der Komintern in Moskau, wo sie Lenin und Trotzkij pers\u00f6nlich kennenlernt. Sie wird au\u00dferdem zur politischen Sekret\u00e4rin und Vorsitzenden des in Deutschland mitgliederst\u00e4rksten Bezirks Berlin-Brandenburg gew\u00e4hlt. Bekannt geworden war sie als offensive Rednerin, der gerne die Tr\u00e4ger ihres Kleides verrutschten. Wahrscheinlich war die Fischer die einzige Frau in der kommunistischen Bewegung, die mit Sex und nicht mit Entsagung Politik machte. <\/p>\n","protected":false},"excerpt":{"rendered":"<p>Essays Das Denken in internationalen Dimensionen verdankte sie Karl Radek. Er sorgte f\u00fcr ihre Versetzung in die Auslandsabteilung der Komintern, wo sie zur Expertin in internationaler \u00d6konomie und Politik ausgebildet wurde. Radek schickte sie in eine Art Krieg, der im deutschen Untergrund zwischen Revolution\u00e4ren und Konterrevolution\u00e4ren tobte. Sie lernte die Regeln der Konspiration kennen und &hellip; <a href=\"https:\/\/karinwieland.de\/kw\/essays\/lenins-hoffnung\/\" class=\"more-link\">Weiterlesen <span class=\"screen-reader-text\">Lenins Hoffnung<\/span><\/a><\/p>\n","protected":false},"author":1,"featured_media":0,"parent":274,"menu_order":0,"comment_status":"closed","ping_status":"open","template":"","meta":{"footnotes":""},"class_list":["post-372","page","type-page","status-publish","hentry","without-featured-image"],"_links":{"self":[{"href":"https:\/\/karinwieland.de\/kw\/wp-json\/wp\/v2\/pages\/372","targetHints":{"allow":["GET"]}}],"collection":[{"href":"https:\/\/karinwieland.de\/kw\/wp-json\/wp\/v2\/pages"}],"about":[{"href":"https:\/\/karinwieland.de\/kw\/wp-json\/wp\/v2\/types\/page"}],"author":[{"embeddable":true,"href":"https:\/\/karinwieland.de\/kw\/wp-json\/wp\/v2\/users\/1"}],"replies":[{"embeddable":true,"href":"https:\/\/karinwieland.de\/kw\/wp-json\/wp\/v2\/comments?post=372"}],"version-history":[{"count":8,"href":"https:\/\/karinwieland.de\/kw\/wp-json\/wp\/v2\/pages\/372\/revisions"}],"predecessor-version":[{"id":746,"href":"https:\/\/karinwieland.de\/kw\/wp-json\/wp\/v2\/pages\/372\/revisions\/746"}],"up":[{"embeddable":true,"href":"https:\/\/karinwieland.de\/kw\/wp-json\/wp\/v2\/pages\/274"}],"wp:attachment":[{"href":"https:\/\/karinwieland.de\/kw\/wp-json\/wp\/v2\/media?parent=372"}],"curies":[{"name":"wp","href":"https:\/\/api.w.org\/{rel}","templated":true}]}}