{"id":374,"date":"2012-03-14T10:54:52","date_gmt":"2012-03-14T10:54:52","guid":{"rendered":"http:\/\/karinwieland.de\/kw\/?page_id=374"},"modified":"2015-12-01T10:46:32","modified_gmt":"2015-12-01T10:46:32","slug":"die-letzte","status":"publish","type":"page","link":"https:\/\/karinwieland.de\/kw\/essays\/die-letzte\/","title":{"rendered":"Die Letzte"},"content":{"rendered":"<p><a href=\"http:\/\/karinwieland.de\/?page_id=274\">Essays<\/a><\/p>\n<p>Leni Riefenstahls Erfolg in den drei\u00dfiger Jahren ist nur durch ihre kompromisslose Zusammenarbeit mit Adolf Hitler m\u00f6glich. Sie war die einzige Regisseurin, die nicht der Reichsfilmkammer, sondern direkt dem Reichskanzler unterstellt war. 1931 hatte sie ihre eigene Filmproduktionsfirma gegr\u00fcndet. Die Produktionen f\u00fcr Hitler machten Riefenstahl zu einer wohlhabenden Frau. Trotz ihrer Arbeit hinter der Kamera hat sie ihre \u00f6ffentliche Selbstinszenierung nicht vernachl\u00e4ssigt. Hitler bezeichnete sie als &#8222;unsere vollkommene deutsche Frau&#8220;; sie war die heroische Frau, die die laszive Dame und das Girl der zwanziger Jahre abl\u00f6ste. Sportlich, unabh\u00e4ngig, erfolgreich, kinderlos, unverheiratet, mit kurzem Haar und ohne Charme stellt sie sich dem Leben im neuen Deutschland der drei\u00dfiger Jahre. Bei ihrer erfolgreichen Selbstdarstellung als individualistische K\u00fcnstlerin duldete Leni Riefenstahl keine Nebenbuhlerin. Sie besetzt als einzige dieses Bild im nationalsozialistischen Deutschland. <\/p>\n","protected":false},"excerpt":{"rendered":"<p>Essays Leni Riefenstahls Erfolg in den drei\u00dfiger Jahren ist nur durch ihre kompromisslose Zusammenarbeit mit Adolf Hitler m\u00f6glich. Sie war die einzige Regisseurin, die nicht der Reichsfilmkammer, sondern direkt dem Reichskanzler unterstellt war. 1931 hatte sie ihre eigene Filmproduktionsfirma gegr\u00fcndet. Die Produktionen f\u00fcr Hitler machten Riefenstahl zu einer wohlhabenden Frau. Trotz ihrer Arbeit hinter der &hellip; <a href=\"https:\/\/karinwieland.de\/kw\/essays\/die-letzte\/\" class=\"more-link\">Weiterlesen <span class=\"screen-reader-text\">Die Letzte<\/span><\/a><\/p>\n","protected":false},"author":1,"featured_media":0,"parent":274,"menu_order":0,"comment_status":"closed","ping_status":"open","template":"","meta":{"footnotes":""},"class_list":["post-374","page","type-page","status-publish","hentry","without-featured-image"],"_links":{"self":[{"href":"https:\/\/karinwieland.de\/kw\/wp-json\/wp\/v2\/pages\/374","targetHints":{"allow":["GET"]}}],"collection":[{"href":"https:\/\/karinwieland.de\/kw\/wp-json\/wp\/v2\/pages"}],"about":[{"href":"https:\/\/karinwieland.de\/kw\/wp-json\/wp\/v2\/types\/page"}],"author":[{"embeddable":true,"href":"https:\/\/karinwieland.de\/kw\/wp-json\/wp\/v2\/users\/1"}],"replies":[{"embeddable":true,"href":"https:\/\/karinwieland.de\/kw\/wp-json\/wp\/v2\/comments?post=374"}],"version-history":[{"count":12,"href":"https:\/\/karinwieland.de\/kw\/wp-json\/wp\/v2\/pages\/374\/revisions"}],"predecessor-version":[{"id":768,"href":"https:\/\/karinwieland.de\/kw\/wp-json\/wp\/v2\/pages\/374\/revisions\/768"}],"up":[{"embeddable":true,"href":"https:\/\/karinwieland.de\/kw\/wp-json\/wp\/v2\/pages\/274"}],"wp:attachment":[{"href":"https:\/\/karinwieland.de\/kw\/wp-json\/wp\/v2\/media?parent=374"}],"curies":[{"name":"wp","href":"https:\/\/api.w.org\/{rel}","templated":true}]}}