{"id":376,"date":"2012-03-14T10:55:11","date_gmt":"2012-03-14T10:55:11","guid":{"rendered":"http:\/\/karinwieland.de\/kw\/?page_id=376"},"modified":"2015-11-27T13:42:34","modified_gmt":"2015-11-27T13:42:34","slug":"a","status":"publish","type":"page","link":"https:\/\/karinwieland.de\/kw\/essays\/a\/","title":{"rendered":"a."},"content":{"rendered":"<p><a href=\"http:\/\/karinwieland.de\/?page_id=274\">Essays<\/a><\/p>\n<p>Andreas Baader verwandelte irgendwann Ende der sechziger Jahre seine Hochstapler-Existenz in eine politische Mission. Er war gezwungen, das B\u00f6se zu tun auf der Suche nach dem vermeintlich Guten. Der sch\u00f6ne junge Mann, der so einfach Macht \u00fcber andere bekam, wurde zu einem Dandy des B\u00f6sen. F\u00fcr Albert Camus ist derjenige, der das g\u00f6ttliche und moralische Gesetz herausfordert, nicht der Revolution\u00e4r, sondern der Dandy. Er schafft sich selbst durch die Weigerung und die Verneinung. Sein Leben kann er nicht leben, deshalb spielt er es vor. Dazu braucht er das Publikum, das er in immer neuen Inszenierungen reizt. Auch Baader versuchte immer wieder, die eine terroristische Aktion durch die andere zu \u00fcberbieten. Die anderen, das hei\u00dft die bundesrepublikanische \u00d6ffentlichkeit, waren der Spiegel, in dem er sich gespiegelt sehen wollte. &#8222;Immer im Bruch mit der Welt, am Rand, zwingt er die andern, ihn selbst zu erschaffen, indem er ihre Werte leugnet.&#8220; Baader war der Dandy, der sich zum einsamen Herrscher geboren f\u00fchlte und doch wusste, dass er verloren war. <\/p>\n","protected":false},"excerpt":{"rendered":"<p>Essays Andreas Baader verwandelte irgendwann Ende der sechziger Jahre seine Hochstapler-Existenz in eine politische Mission. Er war gezwungen, das B\u00f6se zu tun auf der Suche nach dem vermeintlich Guten. Der sch\u00f6ne junge Mann, der so einfach Macht \u00fcber andere bekam, wurde zu einem Dandy des B\u00f6sen. F\u00fcr Albert Camus ist derjenige, der das g\u00f6ttliche und &hellip; <a href=\"https:\/\/karinwieland.de\/kw\/essays\/a\/\" class=\"more-link\">Weiterlesen <span class=\"screen-reader-text\">a.<\/span><\/a><\/p>\n","protected":false},"author":1,"featured_media":0,"parent":274,"menu_order":0,"comment_status":"closed","ping_status":"open","template":"","meta":{"footnotes":""},"class_list":["post-376","page","type-page","status-publish","hentry","without-featured-image"],"_links":{"self":[{"href":"https:\/\/karinwieland.de\/kw\/wp-json\/wp\/v2\/pages\/376","targetHints":{"allow":["GET"]}}],"collection":[{"href":"https:\/\/karinwieland.de\/kw\/wp-json\/wp\/v2\/pages"}],"about":[{"href":"https:\/\/karinwieland.de\/kw\/wp-json\/wp\/v2\/types\/page"}],"author":[{"embeddable":true,"href":"https:\/\/karinwieland.de\/kw\/wp-json\/wp\/v2\/users\/1"}],"replies":[{"embeddable":true,"href":"https:\/\/karinwieland.de\/kw\/wp-json\/wp\/v2\/comments?post=376"}],"version-history":[{"count":6,"href":"https:\/\/karinwieland.de\/kw\/wp-json\/wp\/v2\/pages\/376\/revisions"}],"predecessor-version":[{"id":750,"href":"https:\/\/karinwieland.de\/kw\/wp-json\/wp\/v2\/pages\/376\/revisions\/750"}],"up":[{"embeddable":true,"href":"https:\/\/karinwieland.de\/kw\/wp-json\/wp\/v2\/pages\/274"}],"wp:attachment":[{"href":"https:\/\/karinwieland.de\/kw\/wp-json\/wp\/v2\/media?parent=376"}],"curies":[{"name":"wp","href":"https:\/\/api.w.org\/{rel}","templated":true}]}}