{"id":420,"date":"2012-03-16T07:55:03","date_gmt":"2012-03-16T07:55:03","guid":{"rendered":"http:\/\/karinwieland.de\/kw\/?page_id=420"},"modified":"2020-08-06T14:41:58","modified_gmt":"2020-08-06T14:41:58","slug":"impressum","status":"publish","type":"page","link":"https:\/\/karinwieland.de\/kw\/impressum\/","title":{"rendered":"Impressum"},"content":{"rendered":"<p>Betreiber dieser Website<br \/>\nund verantwortlich f\u00fcr die Inhalte im Sinne des deutschen Medienrechts:<br \/>\nDr. Karin Wieland<\/p>\n<p>Kontakt:<br \/>\ninfo@karinwieland.de<\/p>\n<p>Inhalte extern verlinkter Websites sind nicht Bestand dieser Website. Eine Haftung unsererseits schlie\u00dfen wir ausdr\u00fccklich aus.<\/p>\n<p>Das Copyright f\u00fcr die einzeln publizierten Texte liegt bei der Autorin, f\u00fcr die Buchver\u00f6ffentlichungen bei den jeweiligen Verlagen.<br \/>\nAlle Rechte vorbehalten.<\/p>\n<p><img loading=\"lazy\" decoding=\"async\" class=\"alignnone size-full wp-image-422\" title=\"Impressum\" src=\"http:\/\/karinwieland.de\/wp-content\/uploads\/2012\/03\/info.jpg\" alt=\"Impressum\" width=\"169\" height=\"398\" srcset=\"https:\/\/karinwieland.de\/kw\/wp-content\/uploads\/2012\/03\/info.jpg 169w, https:\/\/karinwieland.de\/kw\/wp-content\/uploads\/2012\/03\/info-127x300.jpg 127w\" sizes=\"auto, (max-width: 169px) 100vw, 169px\" \/><\/p>\n","protected":false},"excerpt":{"rendered":"<p>Betreiber dieser Website und verantwortlich f\u00fcr die Inhalte im Sinne des deutschen Medienrechts: Dr. Karin Wieland Kontakt: info@karinwieland.de Inhalte extern verlinkter Websites sind nicht Bestand dieser Website. Eine Haftung unsererseits schlie\u00dfen wir ausdr\u00fccklich aus. Das Copyright f\u00fcr die einzeln publizierten Texte liegt bei der Autorin, f\u00fcr die Buchver\u00f6ffentlichungen bei den jeweiligen Verlagen. Alle Rechte vorbehalten.<\/p>\n","protected":false},"author":1,"featured_media":0,"parent":0,"menu_order":0,"comment_status":"closed","ping_status":"open","template":"page-centercolumn.php","meta":{"footnotes":""},"class_list":["post-420","page","type-page","status-publish","hentry","without-featured-image"],"_links":{"self":[{"href":"https:\/\/karinwieland.de\/kw\/wp-json\/wp\/v2\/pages\/420","targetHints":{"allow":["GET"]}}],"collection":[{"href":"https:\/\/karinwieland.de\/kw\/wp-json\/wp\/v2\/pages"}],"about":[{"href":"https:\/\/karinwieland.de\/kw\/wp-json\/wp\/v2\/types\/page"}],"author":[{"embeddable":true,"href":"https:\/\/karinwieland.de\/kw\/wp-json\/wp\/v2\/users\/1"}],"replies":[{"embeddable":true,"href":"https:\/\/karinwieland.de\/kw\/wp-json\/wp\/v2\/comments?post=420"}],"version-history":[{"count":10,"href":"https:\/\/karinwieland.de\/kw\/wp-json\/wp\/v2\/pages\/420\/revisions"}],"predecessor-version":[{"id":1197,"href":"https:\/\/karinwieland.de\/kw\/wp-json\/wp\/v2\/pages\/420\/revisions\/1197"}],"wp:attachment":[{"href":"https:\/\/karinwieland.de\/kw\/wp-json\/wp\/v2\/media?parent=420"}],"curies":[{"name":"wp","href":"https:\/\/api.w.org\/{rel}","templated":true}]}}