{"id":530,"date":"2014-04-01T16:03:52","date_gmt":"2014-04-01T16:03:52","guid":{"rendered":"http:\/\/karinwieland.de\/?page_id=530"},"modified":"2015-12-09T11:58:56","modified_gmt":"2015-12-09T11:58:56","slug":"demaskierung-der-macht","status":"publish","type":"page","link":"https:\/\/karinwieland.de\/kw\/buecher\/demaskierung-der-macht\/","title":{"rendered":"Demaskierung der Macht"},"content":{"rendered":"<p>1513 erschien &#8222;Il Principe&#8220;.<br \/>\nAnl\u00e4\u00dflich dieses Jubil\u00e4ums gibt es eine Neuauflage des Machiavelli-Bandes bei Nomos:<br \/>\n&#8211;<br \/>\nHerfried M\u00fcnkler\/ R\u00fcdiger Voigt\/ Ralf Walkenhaus (Hrsg.):<br \/>\nDemaskierung der Macht<br \/>\nNiccolo Machiavellis Staats- und Politikverst\u00e4ndnis. Nomos 2013<br \/>\n&#8211;<br \/>\nMit einem Beitrag von Karin Wieland<br \/>\n<strong>Die Kunst der Gunst.<br \/>\nMachiavelli zwischen dem Wunschraum der Humanisten<br \/>\nund dem Handlungsraum der G\u00fcnstlinge<\/strong><\/p>\n<p><img loading=\"lazy\" decoding=\"async\" class=\"alignnone wp-image-946 size-full\" src=\"http:\/\/karinwieland.de\/wp-content\/uploads\/2014\/04\/machiavelli-e1449662232849.jpg\" alt=\"machiavelli\" width=\"400\" height=\"595\" \/><\/p>\n","protected":false},"excerpt":{"rendered":"<p>1513 erschien &#8222;Il Principe&#8220;. Anl\u00e4\u00dflich dieses Jubil\u00e4ums gibt es eine Neuauflage des Machiavelli-Bandes bei Nomos: &#8211; Herfried M\u00fcnkler\/ R\u00fcdiger Voigt\/ Ralf Walkenhaus (Hrsg.): Demaskierung der Macht Niccolo Machiavellis Staats- und Politikverst\u00e4ndnis. Nomos 2013 &#8211; Mit einem Beitrag von Karin Wieland Die Kunst der Gunst. Machiavelli zwischen dem Wunschraum der Humanisten und dem Handlungsraum der G\u00fcnstlinge<\/p>\n","protected":false},"author":1,"featured_media":0,"parent":4,"menu_order":0,"comment_status":"closed","ping_status":"closed","template":"","meta":{"footnotes":""},"class_list":["post-530","page","type-page","status-publish","hentry","without-featured-image"],"_links":{"self":[{"href":"https:\/\/karinwieland.de\/kw\/wp-json\/wp\/v2\/pages\/530","targetHints":{"allow":["GET"]}}],"collection":[{"href":"https:\/\/karinwieland.de\/kw\/wp-json\/wp\/v2\/pages"}],"about":[{"href":"https:\/\/karinwieland.de\/kw\/wp-json\/wp\/v2\/types\/page"}],"author":[{"embeddable":true,"href":"https:\/\/karinwieland.de\/kw\/wp-json\/wp\/v2\/users\/1"}],"replies":[{"embeddable":true,"href":"https:\/\/karinwieland.de\/kw\/wp-json\/wp\/v2\/comments?post=530"}],"version-history":[{"count":10,"href":"https:\/\/karinwieland.de\/kw\/wp-json\/wp\/v2\/pages\/530\/revisions"}],"predecessor-version":[{"id":947,"href":"https:\/\/karinwieland.de\/kw\/wp-json\/wp\/v2\/pages\/530\/revisions\/947"}],"up":[{"embeddable":true,"href":"https:\/\/karinwieland.de\/kw\/wp-json\/wp\/v2\/pages\/4"}],"wp:attachment":[{"href":"https:\/\/karinwieland.de\/kw\/wp-json\/wp\/v2\/media?parent=530"}],"curies":[{"name":"wp","href":"https:\/\/api.w.org\/{rel}","templated":true}]}}