{"id":542,"date":"2014-04-01T16:19:14","date_gmt":"2014-04-01T16:19:14","guid":{"rendered":"http:\/\/karinwieland.de\/?page_id=542"},"modified":"2020-04-02T09:29:58","modified_gmt":"2020-04-02T09:29:58","slug":"dietrich-und-riefenstahl","status":"publish","type":"page","link":"https:\/\/karinwieland.de\/kw\/buecher\/uebersetzungen-und-taschenbuchausgaben\/dietrich-und-riefenstahl\/","title":{"rendered":"Dietrich &#038; Riefenstahl"},"content":{"rendered":"<p>Dietrich &amp; Riefenstahl<br \/>\nTwee Vrouwenlevens in Hollywood en Berlejn<br \/>\nNiederl\u00e4ndische Ausgabe bei Atlas Contact Amsterdam\/Antwerpen 2013<br \/>\n&#8211;<br \/>\nVertaald door Goverdien Hauth-Grubben<\/p>\n<p>Die Vogue empfiehlt Dietrich &amp; Riefenstahl 10\/12:<\/p>\n<p><a href=\"http:\/\/www.vogue.nl\/gallery\/boekenbal\/dietrich-riefenstahl\"><img decoding=\"async\" src=\"http:\/\/karinwieland.de\/wp-content\/uploads\/2014\/04\/vogue.png\" alt=\"vogue\" class=\"alignnone size-full wp-image-968\" width=\"100\"><\/a><\/p>\n<p>Laura Starink im NRC Handelsblad vom 28. Juni 2013<br \/>\n&#8222;Gl\u00e4nzende Idee, Dietrich und Riefenstahl in einer gemeinsamen Biografie zu behandeln. Wieland pr\u00e4sentiert sie als Prototypen der neuen deutschen Frau zu Beginn des 20. Jahrhunderts. Beide sind Berlinerinnen, sch\u00f6n, selbstbewusst, androgyn und perfektionistisch. Sie verschlingen M\u00e4nner, lieben den Luxus und sie sind bereit, f\u00fcr die Kunst bis zum \u00c4u\u00dfersten zu gehen. (&#8230;.) Die frappierenden \u00dcbereinstimmungen und Unterschiede zwischen den beiden Frauen werden von Wieland gl\u00e4nzend herausgearbeitet. Die Kamera und Hollywood liebten der Autorin zufolge die sinnliche Dietrich, aber nicht die verkrampfte Riefenstahl.&#8220;<\/p>\n<p><img decoding=\"async\" class=\"size-full alignnone\" title=\"Dietrich &amp; Riefenstahl\" src=\"http:\/\/karinwieland.de\/wp-content\/uploads\/2013\/buch_dietrich_nl_g.jpg\" alt=\"Dietrich &amp; Riefenstahl\" width=\"492\"><\/p>\n","protected":false},"excerpt":{"rendered":"<p>Dietrich &amp; Riefenstahl Twee Vrouwenlevens in Hollywood en Berlejn Niederl\u00e4ndische Ausgabe bei Atlas Contact Amsterdam\/Antwerpen 2013 &#8211; Vertaald door Goverdien Hauth-Grubben Die Vogue empfiehlt Dietrich &amp; Riefenstahl 10\/12: Laura Starink im NRC Handelsblad vom 28. Juni 2013 &#8222;Gl\u00e4nzende Idee, Dietrich und Riefenstahl in einer gemeinsamen Biografie zu behandeln. Wieland pr\u00e4sentiert sie als Prototypen der neuen &hellip; <a href=\"https:\/\/karinwieland.de\/kw\/buecher\/uebersetzungen-und-taschenbuchausgaben\/dietrich-und-riefenstahl\/\" class=\"more-link\">Weiterlesen <span class=\"screen-reader-text\">Dietrich &#038; Riefenstahl<\/span><\/a><\/p>\n","protected":false},"author":1,"featured_media":0,"parent":621,"menu_order":0,"comment_status":"closed","ping_status":"open","template":"","meta":{"footnotes":""},"class_list":["post-542","page","type-page","status-publish","hentry","without-featured-image"],"_links":{"self":[{"href":"https:\/\/karinwieland.de\/kw\/wp-json\/wp\/v2\/pages\/542","targetHints":{"allow":["GET"]}}],"collection":[{"href":"https:\/\/karinwieland.de\/kw\/wp-json\/wp\/v2\/pages"}],"about":[{"href":"https:\/\/karinwieland.de\/kw\/wp-json\/wp\/v2\/types\/page"}],"author":[{"embeddable":true,"href":"https:\/\/karinwieland.de\/kw\/wp-json\/wp\/v2\/users\/1"}],"replies":[{"embeddable":true,"href":"https:\/\/karinwieland.de\/kw\/wp-json\/wp\/v2\/comments?post=542"}],"version-history":[{"count":11,"href":"https:\/\/karinwieland.de\/kw\/wp-json\/wp\/v2\/pages\/542\/revisions"}],"predecessor-version":[{"id":1189,"href":"https:\/\/karinwieland.de\/kw\/wp-json\/wp\/v2\/pages\/542\/revisions\/1189"}],"up":[{"embeddable":true,"href":"https:\/\/karinwieland.de\/kw\/wp-json\/wp\/v2\/pages\/621"}],"wp:attachment":[{"href":"https:\/\/karinwieland.de\/kw\/wp-json\/wp\/v2\/media?parent=542"}],"curies":[{"name":"wp","href":"https:\/\/api.w.org\/{rel}","templated":true}]}}