{"id":84,"date":"2012-03-02T12:24:29","date_gmt":"2012-03-02T12:24:29","guid":{"rendered":"http:\/\/karinwieland.de\/kw\/?page_id=84"},"modified":"2020-04-02T09:28:43","modified_gmt":"2020-04-02T09:28:43","slug":"dietrich-und-riefenstahl","status":"publish","type":"page","link":"https:\/\/karinwieland.de\/kw\/buecher\/dietrich-und-riefenstahl\/","title":{"rendered":"Dietrich&#038;Riefenstahl"},"content":{"rendered":"<p><a href=\"http:\/\/karinwieland.de\/wp-content\/uploads\/2012\/03\/buch_dietrich_riefenstahl.jpg\"><img loading=\"lazy\" decoding=\"async\" class=\"alignnone size-full wp-image-86\" title=\"Dietrich&amp;Riefenstahl\" src=\"http:\/\/karinwieland.de\/wp-content\/uploads\/2012\/03\/buch_dietrich_riefenstahl.jpg\" alt=\"Dietrich&amp;Riefenstahl\" width=\"315\" height=\"483\" srcset=\"https:\/\/karinwieland.de\/kw\/wp-content\/uploads\/2012\/03\/buch_dietrich_riefenstahl.jpg 315w, https:\/\/karinwieland.de\/kw\/wp-content\/uploads\/2012\/03\/buch_dietrich_riefenstahl-195x300.jpg 195w\" sizes=\"auto, (max-width: 315px) 100vw, 315px\" \/><\/a><\/p>\n<p>Dietrich&amp;Riefenstahl<br \/>\nDer Traum von der neuen Frau<br \/>\nHanser Verlag, 2011<\/p>\n<p>Berlin 1918: Die Kaiserzeit geht unter. Zwei junge Frauen, die sich nur fl\u00fcchtig begegnen werden, tr\u00e4umen den gleichen Traum vom Erfolg. Marlene Dietrich und Leni Riefenstahl sp\u00fcren, dass mit der neuen Zeit ihre Stunde gekommen ist. Sie wollen auf die B\u00fchne und auf die Leinwand \u2013 und weil sie gut aussehen, geschickt taktieren und auch noch tanzen k\u00f6nnen, l\u00e4sst der Erfolg nicht lange auf sich warten. Sie haben kein Vorbild und keinen festen Plan, aber ein sicheres Gesp\u00fcr daf\u00fcr, wie man sich als moderne Frau inszeniert. Der Triumphzug des Films und der Massenmedien bietet daf\u00fcr die besten Voraussetzungen. Hitler wei\u00df von dieser Sucht nach Bildern, und Leni Riefenstahl liefert ihm, was er braucht \u2013 w\u00e4hrend Marlene Dietrich nach Hollywood geht, wo sie zum internationalen Star aufsteigt.<\/p>\n<hr>\n<p>Adam Soboczynski<br \/>\nZEIT LITERATUR N\u00b0 41<br \/>\nOktober 2011<\/p>\n<p>Es ist ihr, um es gleich zu sagen, damit ein gro\u00dfes Kunstst\u00fcck gegl\u00fcckt. Kurioserweise gerade deshalb weil sie es vermeidet, voreilig Synthesen zu formulieren. Karin Wieland schneidet, einer Regisseurin gleich, lediglich die Biografien gegeneinander und verzichtet auf erk\u00fcnselte \u00dcberleitungen. Sie zeigt mehr, als dass sie interpretiert. Nicht einmal am Ende werden die F\u00e4den zusammengef\u00fchrt oder wird gar ein Res\u00fcmee gewagt. Ein Verfahren, das erstaunlicherweise aufgeht. Was erz\u00e4hlt wird, spricht n\u00e4mlich durchaus f\u00fcr sich.<\/p>\n<hr>\n<p>Johannes Willms<br \/>\nS\u00fcddeutsche Zeitung<br \/>\nSachbuch<br \/>\n11. Oktober 2011<\/p>\n<p>Die Riefenstahl, die von Karin Wieland ebenso treffend wie scharf als &#8222;eine Vertreterin der trivialisierten Avantgarde&#8220; charakterisiert wird und die als Darstellerin &#8222;\u00fcber das Stadium der vorget\u00e4uschten Empfindungen nicht hinauskam&#8220;, fand, was sich gerade als ironische Konsequenz ihres Talentmangels bezeichnen lie\u00dfe, ihren gro\u00dfen G\u00f6nner in Adolf Hitler.<\/p>\n<p>Karin Wieland gelingt es in ihrem Buch &#8222;Dietrich&amp;Riefenstahl&#8220;ganz vorz\u00fcglich, diesen Kontrast zwischen dem glamour\u00f6sen und anstrengenden Leben der Dietrich einerseits und ihrem Erlebnis der allzu seltenen und kurzen Intervalle heimlichen Gl\u00fccks andererseits herauszupr\u00e4parieren.<\/p>\n<hr>\n<p>Andreas Rosenfelder<br \/>\nWelt am Sonntag<br \/>\nKultur<br \/>\n14. Oktober 2011<\/p>\n<p>Karin Wieland, die in ihren Schilderungen S\u00e4tze von Franz Hessel, Sebastian Haffner oder Harry Graf Kessler einbaut, entwirft das neusachliche Berlin in einer Pr\u00e4zision, wie sie James Joyce vorgeschwebt haben muss, als er behauptete, man k\u00f6nne seinen &#8222;Ulysses&#8220; zur Rekonstruktion von Dublin nutzen.<br \/>\n<a href=\"http:\/\/karinwieland.de\/wp-content\/uploads\/2012\/docs\/WAZ_dietrich_riefenstahl.pdf\"><br \/>\nDownload des Artikels<\/a><\/p>\n<hr>\n<p>rbb Berlin<br \/>\n29.9.2011<\/p>\n<p>Stilbruch. Das Kulturmagazin<br \/>\nmit Bettina Lehnert<\/p>\n<hr>\n<p>MDR<br \/>\n2.November 2011<\/p>\n<p>Axel Bulthaupt im Gespr\u00e4ch mit Karin Wieland.<br \/>\nFIGARO Kulturradio des Mitteldeutschen Rundfunks<br \/>\n2.November 2011<\/p>\n<p><a href=\"http:\/\/www.karinwieland.de\/wp-content\/uploads\/2012\/docs\/mdr_dietrich_riefenstahl_1.mp3\">Beitrag ersten Teil h\u00f6ren<\/a><\/p>\n<p><a href=\"http:\/\/www.karinwieland.de\/wp-content\/uploads\/2012\/docs\/mdr_dietrich_riefenstahl_2.mp3\">Beitrag zweiten Teil h\u00f6ren<\/a><\/p>\n<hr>\n<p>WDR<br \/>\n23. November 2011<\/p>\n<p>MOSAIK<br \/>\n&#8222;Zwei deutsche Diven&#8220;<br \/>\nEin Beitrag von Nicole Strecker<\/p>\n<hr>\n<p>NZZ am Sonntag<br \/>\n23. November 2011<\/p>\n<p><a href=\"http:\/\/karinwieland.de\/wp-content\/uploads\/2012\/03\/nzz_2011_501.jpg\"><img loading=\"lazy\" decoding=\"async\" class=\"alignnone size-full wp-image-200\" title=\"NZZ Bucher am Sonntag\" src=\"http:\/\/karinwieland.de\/wp-content\/uploads\/2012\/03\/nzz_2011_501.jpg\" alt=\"NZZ Bucher am Sonntag\" width=\"60\" height=\"82\"><\/a><\/p>\n<p>&#8222;Doppelbiografie<br \/>\nMarlene Dietrich und<br \/>\nLeni Riefenstahl:<br \/>\nzwei deutsche Primadonnen<br \/>\nSo sch\u00f6n wie egozentrisch&#8220;<br \/>\nvon Ina Boesch<br \/>\n<a title=\"NZZ Dietrich&amp;Riefenstahl\" href=\"http:\/\/karinwieland.de\/wp-content\/uploads\/2012\/docs\/NZZ_dietrich_riefenstahl.pdf\"><br \/>\nDownload des Artikels<\/a><\/p>\n<hr>\n<p>Hans Helmut Prinzler<br \/>\nFilmbuchrezensionen<\/p>\n<p>Dietrich &amp; Riefenstahl<br \/>\nFilmbuch des Monats November<\/p>\n<p><a href=\"http:\/\/www.hhprinzler.de\/filmbuecher\/dietrich-riefenstahl\/\">Website<\/a><\/p>\n<hr>\n<p>Geisteswissenschaften International<br \/>\nB\u00f6rsenverein des Deutschen Buchhandels<br \/>\nzeichnet Dietrich &amp;Riefenstahl aus mit dem<br \/>\n<a href=\"http:\/\/www.boersenverein.de\/de\/portal\/Uebersetzungsfoerderung\/186810\">Preis zur F\u00f6rderung<br \/>\nder \u00dcbersetzung geisteswissenschaftlicher Werke<\/a><\/p>\n<hr>\n<p>Deutschlandradio Kultur<br \/>\n11.12.2011 \u00b7 12:30 Uhr<\/p>\n<p>LESART<br \/>\n&#8222;Voller Gegens\u00e4tze und doch \u00e4hnlich&#8220;<br \/>\nRezensiert von Doris Anselm<\/p>\n<p><a href=\"http:\/\/www.dradio.de\/dkultur\/sendungen\/lesart\/1625075\/\">Beitrag h\u00f6ren und lesen<\/a><\/p>\n<hr>\n<p>Deutschlandfunk<br \/>\nB\u00fcchermarkt<br \/>\n26. 1. 2012 \u00b7 16:30<\/p>\n<p>Weimarer Republik, Drittes Reich und Exil<br \/>\nvon Helmut M\u00f6rchen<\/p>\n<p><a href=\"http:\/\/www.dradio.de\/dlf\/sendungen\/buechermarkt\/1661739\/\">Beitrag h\u00f6ren und lesen<\/a><\/p>\n<hr>\n<p>rbb Berlin<br \/>\nradioeins<br \/>\n30. 1. 2012 \u00b7 20:40<\/p>\n<p>100 Jahre Babelsberg<br \/>\nmit Knut Elstermann<\/p>\n<p><a href=\"http:\/\/www.karinwieland.de\/wp-content\/uploads\/2012\/docs\/radioeins.mp3\">Beitrag h\u00f6ren<\/a><\/p>\n<hr>\n<p>NDR Kultur<br \/>\nSachb\u00fccher des Monats<\/p>\n<p>NDR Kultur ermittelt zusammen mit der<br \/>\nS\u00fcddeutschen Zeitung die Sachb\u00fccher des Monats.<br \/>\nIm Februar 2012<br \/>\nDietrich &amp; Riefenstahl<br \/>\nPlatz 4-6<\/p>\n<p><a href=\"http:\/\/www.karinwieland.de\/wp-content\/uploads\/2012\/docs\/sachbuchliste.pdf\">Sachbuchliste<\/a><\/p>\n<hr>\n","protected":false},"excerpt":{"rendered":"<p>Dietrich&amp;Riefenstahl Der Traum von der neuen Frau Hanser Verlag, 2011 Berlin 1918: Die Kaiserzeit geht unter. Zwei junge Frauen, die sich nur fl\u00fcchtig begegnen werden, tr\u00e4umen den gleichen Traum vom Erfolg. Marlene Dietrich und Leni Riefenstahl sp\u00fcren, dass mit der neuen Zeit ihre Stunde gekommen ist. Sie wollen auf die B\u00fchne und auf die Leinwand &hellip; <a href=\"https:\/\/karinwieland.de\/kw\/buecher\/dietrich-und-riefenstahl\/\" class=\"more-link\">Weiterlesen <span class=\"screen-reader-text\">Dietrich&#038;Riefenstahl<\/span><\/a><\/p>\n","protected":false},"author":1,"featured_media":0,"parent":4,"menu_order":0,"comment_status":"closed","ping_status":"open","template":"","meta":{"footnotes":""},"class_list":["post-84","page","type-page","status-publish","hentry","without-featured-image"],"_links":{"self":[{"href":"https:\/\/karinwieland.de\/kw\/wp-json\/wp\/v2\/pages\/84","targetHints":{"allow":["GET"]}}],"collection":[{"href":"https:\/\/karinwieland.de\/kw\/wp-json\/wp\/v2\/pages"}],"about":[{"href":"https:\/\/karinwieland.de\/kw\/wp-json\/wp\/v2\/types\/page"}],"author":[{"embeddable":true,"href":"https:\/\/karinwieland.de\/kw\/wp-json\/wp\/v2\/users\/1"}],"replies":[{"embeddable":true,"href":"https:\/\/karinwieland.de\/kw\/wp-json\/wp\/v2\/comments?post=84"}],"version-history":[{"count":41,"href":"https:\/\/karinwieland.de\/kw\/wp-json\/wp\/v2\/pages\/84\/revisions"}],"predecessor-version":[{"id":1188,"href":"https:\/\/karinwieland.de\/kw\/wp-json\/wp\/v2\/pages\/84\/revisions\/1188"}],"up":[{"embeddable":true,"href":"https:\/\/karinwieland.de\/kw\/wp-json\/wp\/v2\/pages\/4"}],"wp:attachment":[{"href":"https:\/\/karinwieland.de\/kw\/wp-json\/wp\/v2\/media?parent=84"}],"curies":[{"name":"wp","href":"https:\/\/api.w.org\/{rel}","templated":true}]}}